{"id":52,"date":"2023-08-02T13:56:56","date_gmt":"2023-08-02T13:56:56","guid":{"rendered":"https:\/\/www.eck160.de\/?page_id=52"},"modified":"2025-03-10T17:43:59","modified_gmt":"2025-03-10T17:43:59","slug":"impressum","status":"publish","type":"page","link":"https:\/\/www.eck160.de\/?page_id=52","title":{"rendered":"Impressum"},"content":{"rendered":"\n<p><\/p>\n\n\n\n<p><strong>Akademie f\u00fcr Chor und Musik e.V. <\/strong><br>Mitglied im Deutschen Chorverband e. V.<\/p>\n\n\n\n<p>Vorstand:<br>Thomas Strau\u00df<br>Janette Koslowski<br>Felix Kl\u00fcsener<\/p>\n\n\n\n<p><br>E-Mail: thomas.strauss(at)eck160.de<\/p>\n\n\n\n<p>Amtsgericht Hagen, Vereinsregister: VR 1670<\/p>\n\n\n\n<p><\/p>\n\n\n\n<p><strong>Naturwissenschaftliche Vereinigung Hagen e.V.<\/strong><\/p>\n\n\n\n<p>Vorstand:<br>Hans D\u00f6rner<br>Brigitte Blenk<br>Felix Kl\u00fcsener<br>Thomas Wi\u00dfer<\/p>\n\n\n\n<p>Eckeseyer Stra\u00dfe 160 \u2013 58089 Hagen<\/p>\n\n\n\n<p><br><\/p>\n\n\n\n<p>Datenschutz\/Links<\/p>\n\n\n\n<h1 class=\"wp-block-heading\">Datenschutzerkl\u00e4rung<\/h1>\n\n\n\n<p>Wenn Sie die Internetseite eck160.de besuchen, erbringt der Verantwortliche f\u00fcr Sie einen Telemediendienst. Dabei verarbeitet er Ihre personenbezogenen Daten im Rahmen der EU-DSGVO und anderer nationaler Datenschutzgesetze (DSG NRW neu und BDS neu).<br><br><strong>&#8211; Name und Anschrift des Verantwortlichen<\/strong><br><br>Karl-Ulrich Weber<br>Fr\u00fchlingstra\u00dfe 2<br>44866 Bochum<br><br>Telefon: +49 2327 3993132<br>Telefax: +49 2327 3993139<br><br>e-Mail: <a href=\"mailto:u.weber@wattenscheid.net\">u.weber@wattenscheid.net<\/a><br><br><strong>&#8211; Name und Anschrift des Datenschutzbeauftragten<\/strong><br><br>Der Verantwortliche ist Privatperson. Eine Pflicht zur Bestellung eines Datenschutzbeauftragten gem\u00e4\u00df Art. 37 Abs. 1 DSGVO besteht nicht.<br><br>&#8211; Allgemeines zur Datenverarbeitung bei dem Besuch dieser Internetpr\u00e4sentation und zu dieser Datenschutzerkl\u00e4rung<br><br>Die Erhebung und Verwendung personenbezogener Daten bei Ihrem Besuch auf unserer Website erfolgt grunds\u00e4tzlich nur, soweit dies zur Bereitstellung einer funktionsf\u00e4higen Website sowie unserer Inhalte und Leistungen erforderlich ist. Danach werden diese Daten unverz\u00fcglich gel\u00f6scht. Die Daten werden bei dem Partner, der als Auftragsverarbeiter gem\u00e4\u00df Artikel 28 der DSGVO die technische Abwicklung \u00fcbernimmt, nach Weisung des Verantwortlichen gesch\u00fctzt und vertraulich behandelt.<br><br><strong>&#8211; Verwendung einer Analysesoftware, Verwendung von Cookies<\/strong><br><br>Bei der Nutzung dieser Internetpr\u00e4sentation wird eine Software zur statistischen Auswertung der Besucherzugriffe genutzt. Wir benutzen keine sogenannten Cookies (Textdateien, die auf Ihrem Computer gespeichert werden), die eine Zuordnung der Daten zur Person des aufrufenden Nutzers Erm\u00f6glichen. Dies ist auch grunds\u00e4tzlich nicht im Interesse des Seitenbetreibers. Die Verwendung der Analyse-Software erfolgt zu dem Zweck, die Qualit\u00e4t unserer Website und ihre Inhalte zu verbessern. Durch die Analyse-Software erfahren wir, wie die Website genutzt wird und k\u00f6nnen so unser Angebot optimieren. Eine \u00fcber technische Notwendigkeiten hinausgehende Auswertung der Daten, insbesondere zur Beobachtung des Nutzerverhaltens, erfolgt grunds\u00e4tzlich aus Prinzip nicht.<br><br>Dieser Zweck dient der Aufgabenerf\u00fcllung gem. Art. 6 Abs. 1 f DSGVO.<br><br><strong>&#8211; Rechte der betroffenen Person<\/strong><br><br>Betroffene k\u00f6nnen gem\u00e4\u00df Artikel 15 der DSGVO vom Verantwortlichen eine Best\u00e4tigung dar\u00fcber verlangen, ob personenbezogene Daten, die sie betreffen, verarbeitet werden. Ist dies der Fall, so haben die Betroffenen ein Recht auf Auskunft \u00fcber diese Daten sowie auf Informationen dazu, unter anderem \u00fcber den Verarbeitungszweck, den\/die Empf\u00e4nger, falls Daten weitergegeben werden sowie \u00fcber die Dauer der Speicherung und Ihre Rechte in Bezug auf die Verarbeitung.<br><br>Nach Artikel 16 DSGVO haben die Betroffenen das Recht, eine Berichtigung sie betreffender unrichtiger personenbezogener Daten zu verlangen. Unter Ber\u00fccksichtigung der Zwecke der Verarbeitung hat die betroffene Person das Recht, die Vervollst\u00e4ndigung unvollst\u00e4ndiger personenbezogener Daten zu verlangen.<br><br>Nach Artikel 17 Abs. 1 DSGVO statuiert das Recht, die L\u00f6schung von Daten zu verlangen. Artikel 17 Abs. 2 DSGVO regelt ein &#8222;Recht auf Vergessenwerden&#8220;, wenn die verantwortliche Stelle die zu l\u00f6schenden Daten \u00f6ffentlich gemacht hat. Diese Regelungen gelten unter bestimmten Umst\u00e4nden nicht (Artikel 17 Abs. 3), unter anderem, wenn die Verarbeitung zur Erf\u00fcllung einer rechtlichen Verpflichtung oder zur Wahrnehmung einer Aufgabe, die im \u00f6ffentlichen Interesse oder in Aus\u00fcbung \u00f6ffentlicher Gewalt liegt (Artikel 17 Abs. 3 lit. b)<br><br>In bestimmten F\u00e4llen kann nach Art. 18 DSGVO auch die Einschr\u00e4nkung der Verarbeitung verlangt werden, zum Beispiel, wenn der Verantwortliche die Daten nicht mehr, die betroffene Person sie jedoch zur Geltendmachung, Aus\u00fcbung oder Verteidigung von Rechtsanspr\u00fcchen ben\u00f6tigt.<br><br>Das Recht auf Daten\u00fcbertragbarkeit nach Art. 20 DSGVO gibt unter bestimmten Voraussetzungen einen Anspruch, eine Kopie von personenbezogenen Daten in einem \u00fcblichen und maschinenlesbaren Dateiformat zu erhalten. Diese Recht gilt nicht f\u00fcr eine Verarbeitung, die f\u00fcr die Wahrnehmung einer Aufgabe erforderlich ist, die im \u00f6ffentlichen Interesse liegt oder in Aus\u00fcbung \u00f6ffentlicher Gewalt erfolgt.<br><br>Nach Art. 21 Abs. 1 DSGVO hat der Betroffene aus bestimmten Gr\u00fcnden ein Widerspruchsrecht gegen eine Verarbeitung von personenbezogenen Daten, die auf Grundlage des Art. 6 Abs. 1 lit. e DSGVO erfolgt.<br><br>Nach Art. 77 EU-DS-GVO hat jede betroffene Person das Recht auf Beschwerde bei einer Aufsichtsbeh\u00f6rde, wenn sie der Ansicht ist, dass die Verarbeitung ihrer personenbezogenen Daten gegen die DSGVO verst\u00f6\u00dft.<br><br><strong>Zust\u00e4ndige Aufsichtsbeh\u00f6rde ist:<\/strong><br><br>Landesbeauftragte f\u00fcr Datenschutz und Informationsfreiheit Nordrhein-Westfalen<br>Postfach 20 04 44<br>40102 D\u00fcsseldorf<br>Telefon: 0211 \/ 38424-0<br>E-Mail: <a href=\"mailto:poststelle@ldi.nrw.de\">poststelle@ldi.nrw.de<\/a><br>Website: <a href=\"https:\/\/www.ldi.nrw.de\">www.ldi.nrw.de<\/a><\/p>\n","protected":false},"excerpt":{"rendered":"<p>Akademie f\u00fcr Chor und Musik e.V. Mitglied im Deutschen Chorverband e. V. Vorstand:Thomas Strau\u00dfJanette KoslowskiFelix Kl\u00fcsener E-Mail: thomas.strauss(at)eck160.de Amtsgericht Hagen, Vereinsregister: VR 1670 Naturwissenschaftliche Vereinigung Hagen e.V. Vorstand:Hans D\u00f6rnerBrigitte BlenkFelix Kl\u00fcsenerThomas Wi\u00dfer Eckeseyer Stra\u00dfe 160 \u2013 58089 Hagen Datenschutz\/Links Datenschutzerkl\u00e4rung Wenn Sie die Internetseite eck160.de besuchen, erbringt der Verantwortliche f\u00fcr Sie einen Telemediendienst. Dabei verarbeitet [&hellip;]<\/p>\n","protected":false},"author":2,"featured_media":0,"parent":0,"menu_order":0,"comment_status":"closed","ping_status":"closed","template":"","meta":{"footnotes":""},"class_list":["post-52","page","type-page","status-publish","hentry"],"_links":{"self":[{"href":"https:\/\/www.eck160.de\/index.php?rest_route=\/wp\/v2\/pages\/52","targetHints":{"allow":["GET"]}}],"collection":[{"href":"https:\/\/www.eck160.de\/index.php?rest_route=\/wp\/v2\/pages"}],"about":[{"href":"https:\/\/www.eck160.de\/index.php?rest_route=\/wp\/v2\/types\/page"}],"author":[{"embeddable":true,"href":"https:\/\/www.eck160.de\/index.php?rest_route=\/wp\/v2\/users\/2"}],"replies":[{"embeddable":true,"href":"https:\/\/www.eck160.de\/index.php?rest_route=%2Fwp%2Fv2%2Fcomments&post=52"}],"version-history":[{"count":6,"href":"https:\/\/www.eck160.de\/index.php?rest_route=\/wp\/v2\/pages\/52\/revisions"}],"predecessor-version":[{"id":280,"href":"https:\/\/www.eck160.de\/index.php?rest_route=\/wp\/v2\/pages\/52\/revisions\/280"}],"wp:attachment":[{"href":"https:\/\/www.eck160.de\/index.php?rest_route=%2Fwp%2Fv2%2Fmedia&parent=52"}],"curies":[{"name":"wp","href":"https:\/\/api.w.org\/{rel}","templated":true}]}}